{"id":221,"date":"2019-08-08T09:56:49","date_gmt":"2019-08-08T09:56:49","guid":{"rendered":"https:\/\/airtech2.bolvo.com\/demo\/?page_id=221"},"modified":"2024-04-12T22:33:26","modified_gmt":"2024-04-12T19:33:26","slug":"despre-noi","status":"publish","type":"page","link":"https:\/\/reparaereconditionate.ro\/?page_id=221","title":{"rendered":"Despre noi"},"content":{"rendered":"\t\t<div data-elementor-type=\"wp-post\" data-elementor-id=\"221\" class=\"elementor elementor-221\">\n\t\t\t\t<div class=\"elementor-element elementor-element-de8a7aa e-flex e-con-boxed e-con e-parent\" data-id=\"de8a7aa\" data-element_type=\"container\" data-settings=\"{&quot;background_background&quot;:&quot;classic&quot;,&quot;position&quot;:&quot;absolute&quot;}\" data-core-v316-plus=\"true\">\n\t\t\t\t\t<div class=\"e-con-inner\">\n\t\t\t\t<div class=\"elementor-element elementor-element-e31e7f6 elementor-widget elementor-widget-image\" data-id=\"e31e7f6\" data-element_type=\"widget\" data-widget_type=\"image.default\">\n\t\t\t\t<div class=\"elementor-widget-container\">\n\t\t\t<style>\/*! elementor - v3.20.0 - 10-04-2024 *\/\n.elementor-widget-image{text-align:center}.elementor-widget-image a{display:inline-block}.elementor-widget-image a img[src$=\".svg\"]{width:48px}.elementor-widget-image img{vertical-align:middle;display:inline-block}<\/style>\t\t\t\t\t\t\t\t\t\t<img fetchpriority=\"high\" decoding=\"async\" width=\"421\" height=\"235\" src=\"https:\/\/reparaereconditionate.ro\/wp-content\/uploads\/2024\/04\/car-img.png\" class=\"attachment-full size-full wp-image-2846\" alt=\"\" \/>\t\t\t\t\t\t\t\t\t\t\t\t\t<\/div>\n\t\t\t\t<\/div>\n\t\t\t\t\t<\/div>\n\t\t\t\t<\/div>\n\t\t\t\t<section class=\"elementor-section elementor-top-section elementor-element elementor-element-fcc087b elementor-section-full_width elementor-section-height-default elementor-section-height-default\" data-id=\"fcc087b\" data-element_type=\"section\">\n\t\t\t\t\t\t<div class=\"elementor-container elementor-column-gap-no\">\n\t\t\t\t\t<div class=\"elementor-column elementor-col-100 elementor-top-column elementor-element elementor-element-437fc67\" data-id=\"437fc67\" data-element_type=\"column\">\n\t\t\t<div class=\"elementor-widget-wrap elementor-element-populated\">\n\t\t\t\t\t\t<div class=\"elementor-element elementor-element-053cad7 elementor-widget elementor-widget-ucaddon_homeabout\" data-id=\"053cad7\" data-element_type=\"widget\" data-widget_type=\"ucaddon_homeabout.default\">\n\t\t\t\t<div class=\"elementor-widget-container\">\n\t\t\t<!-- start Home About -->\n\n\t\t\t<section class=\"about_text_area p_100\">\n    <div class=\"container\">\n        <div class=\"ab_text_inner\">\n            <div class=\"ab_text_item\">\n                <h3>Ne-am angajat s\u0103 ob\u021binem excelen\u021b\u0103 \u00een tot ceea ce facem.<\/h3>\n                <p>Din 2010, compania noastr\u0103 de aer condi\u021bionat a servit clien\u021bi din Bucure\u0219ti \u0219i din Ilfov. Atribuim anii no\u0219tri de succes pe furnizarea de solu\u021bii oneste, fiabile \u0219i inovatoare comunit\u0103\u021bii noastre. Folosim experien\u021ba noastr\u0103 vast\u0103 pentru a v\u0103 ajuta s\u0103 v\u0103 bucura\u021bi de un confort de \u00eencredere tot anul. Garant\u0103m, prin serviciile oferite \u0219i pre\u021bul lucr\u0103rilor noastre, c\u0103 verificarea periodic\u0103 a unui aparat de aer condi\u021bionat nu este o opera\u021bie costisitoare, \u0219i totodata, v\u0103 ajut\u0103 s\u0103 sc\u0103pa\u021bi de nepl\u0103cerile cauzate de lipsa func\u021bion\u0103rii corecte \u0219i ineficiente a aparatului dumneavoastr\u0103 de aer condi\u021bionat \u00een timpul sezonului cald.<\/p>\n            <\/div>\n          \t            <div class=\"ab_text_item_two\">\n                <h3>Compania dvs. local\u0103 de aer condi\u021bionat<\/h3>\n                <p>V\u0103 vom dep\u0103\u0219i a\u0219tept\u0103rile cu profesionalismul, expertiza \u0219i d\u0103ruirea noastr\u0103. V\u0103 promitem un serviciu cinstit; Suntem atelierul dumneavoastr\u0103 unic pentru repara\u021bii \u0219i \u00eentre\u021binere de acas\u0103 \u0219i birou. Dac\u0103 sunte\u021bi rezident \u00een Bucure\u0219ti, sau Ilfov contacta\u021bi-ne \u0219i vede\u021bi cum s-a dezvoltat ReparAerCondi\u021bionat.com.ro pentru a deveni un lider antreprenor \u00een servicii de repara\u021bii, montaj \u0219i \u00eentre\u021binere aer condi\u021bionat pentru locuin\u021be \u0219i birouri \u00een regiune.<\/p>\n            <\/div>\n          \t            <div class=\"row ab_list\">\n              \t                <div class=\"col-lg-5\">\n                   <h4><span class=\"notranslate\">Noi suntem ....<\/span><\/h4><ul class=\"nav flex-column\"><li><a href=\"https:\/\/reparaerconditionat.com.ro\/despre#\">- Un dealer autorizat AC de peste 10 ani<\/a><\/li><li><a href=\"https:\/\/reparaerconditionat.com.ro\/despre#\">- Printre primii dealeri geotermic din Bucure\u0219ti<\/a><\/li><li><a href=\"https:\/\/reparaerconditionat.com.ro\/despre#\">- Printre primii membri locali de repara\u021bii Aer Condi\u021bionat<\/a><\/li><li><a href=\"https:\/\/reparaerconditionat.com.ro\/despre#\">- O afacere acreditat\u0103, cu rating A+ din 2010<\/a><\/li><li><a href=\"https:\/\/reparaerconditionat.com.ro\/despre#\">- Disponibili pentru serviciul AC de urgen\u021b\u0103 24 de ore.\u00a0<\/a><\/li><li>\u00a0<\/li><\/ul>\n                <\/div>\n              \t              \t                <div class=\"col-lg-5 d-flex justify-content-center\">\n                    <div class=\"ab_logo text-center\">\n                        <img decoding=\"async\" src=\"https:\/\/reparaereconditionate.ro\/wp-content\/uploads\/2024\/04\/ab-logo-1.png\" alt=\"\">\n                    <\/div>\n                <\/div>\n              \t            <\/div>\n        <\/div>\n    <\/div>\n<\/section>\n\t\t\t<!-- end Home About -->\t\t<\/div>\n\t\t\t\t<\/div>\n\t\t\t\t\t<\/div>\n\t\t<\/div>\n\t\t\t\t\t<\/div>\n\t\t<\/section>\n\t\t\t\t<section class=\"elementor-section elementor-top-section elementor-element elementor-element-7275dc4 elementor-section-full_width elementor-section-height-default elementor-section-height-default\" data-id=\"7275dc4\" data-element_type=\"section\">\n\t\t\t\t\t\t<div class=\"elementor-container elementor-column-gap-no\">\n\t\t\t\t\t<div class=\"elementor-column elementor-col-100 elementor-top-column elementor-element elementor-element-8b65416\" data-id=\"8b65416\" data-element_type=\"column\">\n\t\t\t<div class=\"elementor-widget-wrap elementor-element-populated\">\n\t\t\t\t\t\t<div class=\"elementor-element elementor-element-777fa51 elementor-widget elementor-widget-ucaddon_home2motto\" data-id=\"777fa51\" data-element_type=\"widget\" data-widget_type=\"ucaddon_home2motto.default\">\n\t\t\t\t<div class=\"elementor-widget-container\">\n\t\t\t<!-- start Home 2 Motto -->\n\n\t\t\t<section class=\"our_moto_area moto_two moto_video\">\n    <div class=\"left_side\">\n    <img decoding=\"async\" src=\"https:\/\/reparaereconditionate.ro\/wp-content\/uploads\/2024\/04\/Confortul-Dvs-este-Prioritatea-Noastra.jpg\" alt=\"\">\n        <a class=\"popup-youtube\" href=\"https:\/\/www.youtube.com\/watch?v=_naXMUKyy_M\"><i class=\"play\"><\/i><\/a>\n    <\/div>\n    <div class=\"right_side\">\n    <div class=\"moto_text\">\n      <h5>Motto-ul nostru :  <span>Suntem aici doar pentru tine pentru a ne asigura c\u0103 e\u0219ti bine informat \u0219i \u00eenc\u00e2ntat<\/span><\/h5>\n      <p>La firma noastr\u0103 de repara\u021bii aer condi\u021bionat din Bucure\u0219ti, ve\u021bi vedea c\u0103 nu numai c\u0103 primi\u021bi un serviciu superior, dar c\u0103 cineva este mereu accesibil atunci c\u00e2nd ave\u021bi nevoie de noi. Pentru noi, asta face parte din \u201eRespec\u021bi mereu Clien\u021bii\u201d. Suna\u021bi-ne ast\u0103zi pentru a afla cum v\u0103 putem ajuta cu toate nevoile dumneavoastr\u0103 de aparate de aer condi\u021bionat.<\/p>\n            <h4>Ave\u021bi \u00eencredere \u00een echipa noastr\u0103 de exper\u021bi<\/h4>\n            <p><\/h4>\n      <p>Echipa noastr\u0103 de Tehnicieni AC folosesc cele mai noi tehnologii de instala\u021bii \u0219i repara\u021bii aer condi\u021bionat, men\u021bin\u0103nd \u00een acela\u0219i timp sim\u021bul valorilor familiei \u00een timpul deservirii locuin\u021bei dumneavoastr\u0103.<\/p>\n          <\/div>\n    <\/div>\n<\/section>\n\n\t\t\t<!-- end Home 2 Motto -->\t\t<\/div>\n\t\t\t\t<\/div>\n\t\t\t\t\t<\/div>\n\t\t<\/div>\n\t\t\t\t\t<\/div>\n\t\t<\/section>\n\t\t\t\t<section class=\"elementor-section elementor-top-section elementor-element elementor-element-21e00b2 elementor-section-full_width elementor-section-height-default elementor-section-height-default\" data-id=\"21e00b2\" data-element_type=\"section\">\n\t\t\t\t\t\t<div class=\"elementor-container elementor-column-gap-no\">\n\t\t\t\t\t<div class=\"elementor-column elementor-col-100 elementor-top-column elementor-element elementor-element-bd54deb\" data-id=\"bd54deb\" data-element_type=\"column\" data-settings=\"{&quot;background_background&quot;:&quot;classic&quot;}\">\n\t\t\t<div class=\"elementor-widget-wrap elementor-element-populated\">\n\t\t\t\t\t<div class=\"elementor-background-overlay\"><\/div>\n\t\t\t\t\t\t<div class=\"elementor-element elementor-element-c008a8b elementor-widget__width-initial e-transform elementor-widget elementor-widget-ucaddon_hometeam\" data-id=\"c008a8b\" data-element_type=\"widget\" data-settings=\"{&quot;_transform_translateX_effect&quot;:{&quot;unit&quot;:&quot;px&quot;,&quot;size&quot;:&quot;&quot;,&quot;sizes&quot;:[]},&quot;_transform_translateX_effect_tablet&quot;:{&quot;unit&quot;:&quot;px&quot;,&quot;size&quot;:&quot;&quot;,&quot;sizes&quot;:[]},&quot;_transform_translateX_effect_mobile&quot;:{&quot;unit&quot;:&quot;px&quot;,&quot;size&quot;:&quot;&quot;,&quot;sizes&quot;:[]},&quot;_transform_translateY_effect&quot;:{&quot;unit&quot;:&quot;px&quot;,&quot;size&quot;:&quot;&quot;,&quot;sizes&quot;:[]},&quot;_transform_translateY_effect_tablet&quot;:{&quot;unit&quot;:&quot;px&quot;,&quot;size&quot;:&quot;&quot;,&quot;sizes&quot;:[]},&quot;_transform_translateY_effect_mobile&quot;:{&quot;unit&quot;:&quot;px&quot;,&quot;size&quot;:&quot;&quot;,&quot;sizes&quot;:[]}}\" data-widget_type=\"ucaddon_hometeam.default\">\n\t\t\t\t<div class=\"elementor-widget-container\">\n\t\t\t<!-- start Home Team -->\n\t\t\t<style type=\"text\/css\">\/* widget: Home Team *\/\n\n.our_team_area {\n    background: #A27D7D57;\n}\n\n\n<\/style>\n\n\t\t\t<section class=\"our_team_area  p_100\">\n    <div class=\"container\">\n        <div class=\"main_title\">\n            <h2>Echipa noastr\u0103 dedicat\u0103<\/h2>\n            <p><b>Suna\u021bi acum la 0723 700 454 si venim la tine. V\u0103 st\u0103m la dispozi\u021bie pentru suport tehnic de specialitate, oferte personalizate, montaje, sugestii si observa\u021bii.<\/b><\/p>\n        <\/div>\n        <div class=\"row our_team_inner\">\n\n\t\t\t<div class=\"col-lg-3 col-sm-6\">\n  <div class=\"team_item\">\n    <div class=\"team_img\">\n      <img decoding=\"async\" class=\"img-fluid\" src=\"\" alt=\"\">\n      <ul class=\"nav\">\n                \t<li><a href=\"#\"><i class=\"fa fa-facebook\"><\/i><\/a><\/li>\n                        <li><a href=\"#\"><i class=\"fa fa-twitter\"><\/i><\/a><\/li>\n                        <li><a href=\"#\"><i class=\"fa fa-instagram\"><\/i><\/a><\/li>\n                        <li><a href=\"#\"><i class=\"fa fa-linkedin\"><\/i><\/a><\/li>\n              <\/ul>\n    <\/div>\n    <div class=\"team_text\">\n      <a href=\"#\"><h4>Cristi<\/h4><\/a>\n      <h5>AC Engineer<\/h5>\n    <\/div>\n  <\/div>\n<\/div>\n<div class=\"col-lg-3 col-sm-6\">\n  <div class=\"team_item\">\n    <div class=\"team_img\">\n      <img decoding=\"async\" class=\"img-fluid\" src=\"\" alt=\"\">\n      <ul class=\"nav\">\n                \t<li><a href=\"#\"><i class=\"fa fa-facebook\"><\/i><\/a><\/li>\n                        <li><a href=\"#\"><i class=\"fa fa-twitter\"><\/i><\/a><\/li>\n                        <li><a href=\"#\"><i class=\"fa fa-instagram\"><\/i><\/a><\/li>\n                        <li><a href=\"#\"><i class=\"fa fa-linkedin\"><\/i><\/a><\/li>\n              <\/ul>\n    <\/div>\n    <div class=\"team_text\">\n      <a href=\"#\"><h4>Claudiu<\/h4><\/a>\n      <h5>Team Worker<\/h5>\n    <\/div>\n  <\/div>\n<\/div>\n<div class=\"col-lg-3 col-sm-6\">\n  <div class=\"team_item\">\n    <div class=\"team_img\">\n      <img decoding=\"async\" class=\"img-fluid\" src=\"\" alt=\"\">\n      <ul class=\"nav\">\n                \t<li><a href=\"#\"><i class=\"fa fa-facebook\"><\/i><\/a><\/li>\n                        <li><a href=\"#\"><i class=\"fa fa-twitter\"><\/i><\/a><\/li>\n                        <li><a href=\"#\"><i class=\"fa fa-instagram\"><\/i><\/a><\/li>\n                        <li><a href=\"#\"><i class=\"fa fa-linkedin\"><\/i><\/a><\/li>\n              <\/ul>\n    <\/div>\n    <div class=\"team_text\">\n      <a href=\"#\"><h4>Ionu\u021b<\/h4><\/a>\n      <h5>Team Worker<\/h5>\n    <\/div>\n  <\/div>\n<\/div>\n<div class=\"col-lg-3 col-sm-6\">\n  <div class=\"team_item\">\n    <div class=\"team_img\">\n      <img decoding=\"async\" class=\"img-fluid\" src=\"\" alt=\"\">\n      <ul class=\"nav\">\n                \t<li><a href=\"#\"><i class=\"fa fa-facebook\"><\/i><\/a><\/li>\n                        <li><a href=\"#\"><i class=\"fa fa-twitter\"><\/i><\/a><\/li>\n                        <li><a href=\"#\"><i class=\"fa fa-instagram\"><\/i><\/a><\/li>\n                        <li><a href=\"#\"><i class=\"fa fa-linkedin\"><\/i><\/a><\/li>\n              <\/ul>\n    <\/div>\n    <div class=\"team_text\">\n      <a href=\"#\"><h4>Minodora<\/h4><\/a>\n      <h5>HR Manager<\/h5>\n    <\/div>\n  <\/div>\n<\/div>\n\n\n        <\/div>\n    <\/div>\n<\/section>\n\n\t\t\t<!-- end Home Team -->\t\t<\/div>\n\t\t\t\t<\/div>\n\t\t\t\t\t<\/div>\n\t\t<\/div>\n\t\t\t\t\t<\/div>\n\t\t<\/section>\n\t\t\t\t<section class=\"elementor-section elementor-top-section elementor-element elementor-element-4a3f60d elementor-section-full_width elementor-section-height-default elementor-section-height-default\" data-id=\"4a3f60d\" data-element_type=\"section\">\n\t\t\t\t\t\t<div class=\"elementor-container elementor-column-gap-no\">\n\t\t\t\t\t<div class=\"elementor-column elementor-col-100 elementor-top-column elementor-element elementor-element-5f5bbed\" data-id=\"5f5bbed\" data-element_type=\"column\">\n\t\t\t<div class=\"elementor-widget-wrap elementor-element-populated\">\n\t\t\t\t\t\t<div class=\"elementor-element elementor-element-cb6d65b elementor-widget elementor-widget-ucaddon_homebrandssection\" data-id=\"cb6d65b\" data-element_type=\"widget\" data-widget_type=\"ucaddon_homebrandssection.default\">\n\t\t\t\t<div class=\"elementor-widget-container\">\n\t\t\t<!-- start Home Brands Section -->\n\n\t\t\t<section class=\"client_service_area\">\n  <div class=\"container\">\n    <div class=\"single_title blue  text-center \">\n      <h2>Deservim toate m\u0103rcile \u0219i modelele<\/h2>\n    <\/div>\n    <div class=\"client_slider owl-carousel\">\n      \n      <div class=\"item\">\n  <img decoding=\"async\" src=\"https:\/\/reparaereconditionate.ro\/wp-content\/uploads\/2024\/04\/logo-firma-aer-conditionat-13.jpg\" alt=\"logo-firma-aer-conditionat-13\">\n<\/div>\n<div class=\"item\">\n  <img decoding=\"async\" src=\"https:\/\/reparaereconditionate.ro\/wp-content\/uploads\/2024\/04\/logo-firma-aer-conditionat-17.jpg\" alt=\"logo-firma-aer-conditionat-17\">\n<\/div>\n<div class=\"item\">\n  <img decoding=\"async\" src=\"https:\/\/reparaereconditionate.ro\/wp-content\/uploads\/2024\/04\/logo-firma-aer-conditionat-18.jpg\" alt=\"logo-firma-aer-conditionat-18\">\n<\/div>\n<div class=\"item\">\n  <img decoding=\"async\" src=\"https:\/\/reparaereconditionate.ro\/wp-content\/uploads\/2024\/04\/logo-firma-aer-conditionat-11.jpg\" alt=\"logo-firma-aer-conditionat-11\">\n<\/div>\n<div class=\"item\">\n  <img decoding=\"async\" src=\"https:\/\/reparaereconditionate.ro\/wp-content\/uploads\/2024\/04\/logo-firma-aer-conditionat-4.jpg\" alt=\"logo-firma-aer-conditionat-4\">\n<\/div>\n<div class=\"item\">\n  <img decoding=\"async\" src=\"https:\/\/reparaereconditionate.ro\/wp-content\/uploads\/2024\/04\/logo-firma-aer-conditionat-2.jpg\" alt=\"logo-firma-aer-conditionat-2\">\n<\/div>\n\n\n    <\/div>\n  <\/div>\n<\/section>\n\t\t\t<!-- end Home Brands Section -->\t\t<\/div>\n\t\t\t\t<\/div>\n\t\t\t\t<div class=\"elementor-element elementor-element-13df610 elementor-widget elementor-widget-spacer\" data-id=\"13df610\" data-element_type=\"widget\" data-widget_type=\"spacer.default\">\n\t\t\t\t<div class=\"elementor-widget-container\">\n\t\t\t<style>\/*! elementor - v3.20.0 - 10-04-2024 *\/\n.elementor-column .elementor-spacer-inner{height:var(--spacer-size)}.e-con{--container-widget-width:100%}.e-con-inner>.elementor-widget-spacer,.e-con>.elementor-widget-spacer{width:var(--container-widget-width,var(--spacer-size));--align-self:var(--container-widget-align-self,initial);--flex-shrink:0}.e-con-inner>.elementor-widget-spacer>.elementor-widget-container,.e-con>.elementor-widget-spacer>.elementor-widget-container{height:100%;width:100%}.e-con-inner>.elementor-widget-spacer>.elementor-widget-container>.elementor-spacer,.e-con>.elementor-widget-spacer>.elementor-widget-container>.elementor-spacer{height:100%}.e-con-inner>.elementor-widget-spacer>.elementor-widget-container>.elementor-spacer>.elementor-spacer-inner,.e-con>.elementor-widget-spacer>.elementor-widget-container>.elementor-spacer>.elementor-spacer-inner{height:var(--container-widget-height,var(--spacer-size))}.e-con-inner>.elementor-widget-spacer.elementor-widget-empty,.e-con>.elementor-widget-spacer.elementor-widget-empty{position:relative;min-height:22px;min-width:22px}.e-con-inner>.elementor-widget-spacer.elementor-widget-empty .elementor-widget-empty-icon,.e-con>.elementor-widget-spacer.elementor-widget-empty .elementor-widget-empty-icon{position:absolute;top:0;bottom:0;left:0;right:0;margin:auto;padding:0;width:22px;height:22px}<\/style>\t\t<div class=\"elementor-spacer\">\n\t\t\t<div class=\"elementor-spacer-inner\"><\/div>\n\t\t<\/div>\n\t\t\t\t<\/div>\n\t\t\t\t<\/div>\n\t\t\t\t\t<\/div>\n\t\t<\/div>\n\t\t\t\t\t<\/div>\n\t\t<\/section>\n\t\t\t\t<\/div>\n\t\t","protected":false},"excerpt":{"rendered":"<p>Ne-am angajat s\u0103 ob\u021binem excelen\u021b\u0103 \u00een tot ceea ce facem. Din 2010, compania noastr\u0103 de aer condi\u021bionat a servit clien\u021bi din Bucure\u0219ti \u0219i din Ilfov. Atribuim anii no\u0219tri de succes pe furnizarea de solu\u021bii oneste, fiabile \u0219i inovatoare comunit\u0103\u021bii noastre. Folosim experien\u021ba noastr\u0103 vast\u0103 pentru a v\u0103 ajuta s\u0103 v\u0103 bucura\u021bi de un confort de [&hellip;]<\/p>\n","protected":false},"author":1,"featured_media":2856,"parent":0,"menu_order":0,"comment_status":"closed","ping_status":"closed","template":"elementor_header_footer","meta":{"_monsterinsights_skip_tracking":false,"_monsterinsights_sitenote_active":false,"_monsterinsights_sitenote_note":"","_monsterinsights_sitenote_category":0,"footnotes":""},"class_list":["post-221","page","type-page","status-publish","has-post-thumbnail","hentry"],"aioseo_notices":[],"_links":{"self":[{"href":"https:\/\/reparaereconditionate.ro\/index.php?rest_route=\/wp\/v2\/pages\/221","targetHints":{"allow":["GET"]}}],"collection":[{"href":"https:\/\/reparaereconditionate.ro\/index.php?rest_route=\/wp\/v2\/pages"}],"about":[{"href":"https:\/\/reparaereconditionate.ro\/index.php?rest_route=\/wp\/v2\/types\/page"}],"author":[{"embeddable":true,"href":"https:\/\/reparaereconditionate.ro\/index.php?rest_route=\/wp\/v2\/users\/1"}],"replies":[{"embeddable":true,"href":"https:\/\/reparaereconditionate.ro\/index.php?rest_route=%2Fwp%2Fv2%2Fcomments&post=221"}],"version-history":[{"count":166,"href":"https:\/\/reparaereconditionate.ro\/index.php?rest_route=\/wp\/v2\/pages\/221\/revisions"}],"predecessor-version":[{"id":3256,"href":"https:\/\/reparaereconditionate.ro\/index.php?rest_route=\/wp\/v2\/pages\/221\/revisions\/3256"}],"wp:featuredmedia":[{"embeddable":true,"href":"https:\/\/reparaereconditionate.ro\/index.php?rest_route=\/wp\/v2\/media\/2856"}],"wp:attachment":[{"href":"https:\/\/reparaereconditionate.ro\/index.php?rest_route=%2Fwp%2Fv2%2Fmedia&parent=221"}],"curies":[{"name":"wp","href":"https:\/\/api.w.org\/{rel}","templated":true}]}}